{"id":479,"date":"2025-03-18T18:28:52","date_gmt":"2025-03-18T18:28:52","guid":{"rendered":"https:\/\/devel.lyxhomes.com\/?page_id=479"},"modified":"2025-04-19T09:23:30","modified_gmt":"2025-04-19T09:23:30","slug":"marbella","status":"publish","type":"page","link":"https:\/\/lyxhomes.com\/en\/marbella\/","title":{"rendered":"Marbella"},"content":{"rendered":"<h2>Marbella: Lujo, historia y mar en un solo lugar<\/h2>\n<p>Marbella tiene muchas caras: la del casco antiguo, con calles de adoquines y patios llenos de flores, y la de la Milla de Oro, donde el lujo se vive en cada detalle. Pod\u00e9s perderte entre tiendas exclusivas o simplemente disfrutar de un d\u00eda de playa en sus aguas cristalinas. Y, claro, Puerto Ban\u00fas, con sus yates impresionantes y restaurantes de primer nivel, es un must si quer\u00e9s ver el lado m\u00e1s sofisticado de la Costa del Sol. Si quer\u00e9s sentir la experiencia de Marbella en primera persona, nuestras viviendas est\u00e1n listas para recibirte.<\/p>","protected":false},"excerpt":{"rendered":"<p>Marbella: Lujo, historia y mar en un solo lugar Marbella tiene muchas caras: la del casco antiguo, con calles de adoquines y patios llenos de flores, y la de la Milla de Oro, donde el lujo se vive en cada detalle. Pod\u00e9s perderte entre tiendas exclusivas o simplemente disfrutar de un d\u00eda de playa en [&hellip;]<\/p>\n","protected":false},"author":1,"featured_media":0,"parent":0,"menu_order":0,"comment_status":"closed","ping_status":"closed","template":"page-template-city.php","meta":{"_acf_changed":false,"_et_pb_use_builder":"","_et_pb_old_content":"","_et_gb_content_width":"","footnotes":""},"class_list":["post-479","page","type-page","status-publish","hentry"],"acf":[],"_links":{"self":[{"href":"https:\/\/lyxhomes.com\/en\/wp-json\/wp\/v2\/pages\/479","targetHints":{"allow":["GET"]}}],"collection":[{"href":"https:\/\/lyxhomes.com\/en\/wp-json\/wp\/v2\/pages"}],"about":[{"href":"https:\/\/lyxhomes.com\/en\/wp-json\/wp\/v2\/types\/page"}],"author":[{"embeddable":true,"href":"https:\/\/lyxhomes.com\/en\/wp-json\/wp\/v2\/users\/1"}],"replies":[{"embeddable":true,"href":"https:\/\/lyxhomes.com\/en\/wp-json\/wp\/v2\/comments?post=479"}],"version-history":[{"count":5,"href":"https:\/\/lyxhomes.com\/en\/wp-json\/wp\/v2\/pages\/479\/revisions"}],"predecessor-version":[{"id":871,"href":"https:\/\/lyxhomes.com\/en\/wp-json\/wp\/v2\/pages\/479\/revisions\/871"}],"wp:attachment":[{"href":"https:\/\/lyxhomes.com\/en\/wp-json\/wp\/v2\/media?parent=479"}],"curies":[{"name":"wp","href":"https:\/\/api.w.org\/{rel}","templated":true}]}}