{"id":477,"date":"2025-03-18T18:28:36","date_gmt":"2025-03-18T18:28:36","guid":{"rendered":"https:\/\/devel.lyxhomes.com\/?page_id=477"},"modified":"2026-02-12T11:13:17","modified_gmt":"2026-02-12T11:13:17","slug":"las-lagunas","status":"publish","type":"page","link":"https:\/\/lyxhomes.com\/en\/las-lagunas\/","title":{"rendered":"Las Lagunas"},"content":{"rendered":"<h2>Las Lagunas de Mijas: La combinaci\u00f3n justa entre calma y conexi\u00f3n<\/h2>\n<p>Puede que Las Lagunas de Mijas no sea el primer destino en la Costa del Sol que aparece en los mapas tur\u00edsticos, y eso es parte de su encanto. Es una zona residencial con todos los servicios a mano y una <strong>conexi\u00f3n perfecta con M\u00e1laga, Marbella y las playas cercanas<\/strong>. Ac\u00e1 no hay prisas, pero tampoco est\u00e1s lejos de nada: centros comerciales, restaurantes locales y espacios verdes est\u00e1n a la vuelta de la esquina. Si buscas <strong>comodidad, buena ubicaci\u00f3n y un lugar para sentirte como en casa<\/strong>, nuestras propiedades en Las Lagunas son la opci\u00f3n ideal.<\/p>","protected":false},"excerpt":{"rendered":"<p>Las Lagunas de Mijas: La combinaci\u00f3n justa entre calma y conexi\u00f3n Puede que Las Lagunas de Mijas no sea el primer destino en la Costa del Sol que aparece en los mapas tur\u00edsticos, y eso es parte de su encanto. Es una zona residencial con todos los servicios a mano y una conexi\u00f3n perfecta con [&hellip;]<\/p>\n","protected":false},"author":1,"featured_media":0,"parent":0,"menu_order":0,"comment_status":"closed","ping_status":"closed","template":"page-template-city.php","meta":{"_acf_changed":false,"_et_pb_use_builder":"","_et_pb_old_content":"","_et_gb_content_width":"","footnotes":""},"class_list":["post-477","page","type-page","status-publish","hentry"],"acf":[],"_links":{"self":[{"href":"https:\/\/lyxhomes.com\/en\/wp-json\/wp\/v2\/pages\/477","targetHints":{"allow":["GET"]}}],"collection":[{"href":"https:\/\/lyxhomes.com\/en\/wp-json\/wp\/v2\/pages"}],"about":[{"href":"https:\/\/lyxhomes.com\/en\/wp-json\/wp\/v2\/types\/page"}],"author":[{"embeddable":true,"href":"https:\/\/lyxhomes.com\/en\/wp-json\/wp\/v2\/users\/1"}],"replies":[{"embeddable":true,"href":"https:\/\/lyxhomes.com\/en\/wp-json\/wp\/v2\/comments?post=477"}],"version-history":[{"count":6,"href":"https:\/\/lyxhomes.com\/en\/wp-json\/wp\/v2\/pages\/477\/revisions"}],"predecessor-version":[{"id":1704,"href":"https:\/\/lyxhomes.com\/en\/wp-json\/wp\/v2\/pages\/477\/revisions\/1704"}],"wp:attachment":[{"href":"https:\/\/lyxhomes.com\/en\/wp-json\/wp\/v2\/media?parent=477"}],"curies":[{"name":"wp","href":"https:\/\/api.w.org\/{rel}","templated":true}]}}