{"id":475,"date":"2025-03-18T18:27:55","date_gmt":"2025-03-18T18:27:55","guid":{"rendered":"https:\/\/devel.lyxhomes.com\/?page_id=475"},"modified":"2025-04-19T09:22:35","modified_gmt":"2025-04-19T09:22:35","slug":"fuengirola","status":"publish","type":"page","link":"https:\/\/lyxhomes.com\/en\/fuengirola\/","title":{"rendered":"Fuengirola"},"content":{"rendered":"<h2>Fuengirola: Entre tradici\u00f3n y mar abierto<\/h2>\n<p>Si hay algo que define a Fuengirola, es su energ\u00eda. Ac\u00e1 el d\u00eda arranca con un caf\u00e9 frente al mar, sigue con un paseo por su interminable paseo mar\u00edtimo y puede terminar con una cena en alguno de sus chiringuitos con pescadito frito y espetos. Es una ciudad que mezcla lo mejor de la tradici\u00f3n andaluza con la comodidad de una zona costera moderna. Para los que buscan planes diferentes, el Bioparc y el castillo Sohail son imperdibles. Y si lo que quer\u00e9s es simplemente desconectar y disfrutar del sol, las playas nunca decepcionan. Nuestras propiedades est\u00e1n en puntos estrat\u00e9gicos para que vivas Fuengirola a pleno.<\/p>","protected":false},"excerpt":{"rendered":"<p>Fuengirola: Entre tradici\u00f3n y mar abierto Si hay algo que define a Fuengirola, es su energ\u00eda. Ac\u00e1 el d\u00eda arranca con un caf\u00e9 frente al mar, sigue con un paseo por su interminable paseo mar\u00edtimo y puede terminar con una cena en alguno de sus chiringuitos con pescadito frito y espetos. Es una ciudad que [&hellip;]<\/p>\n","protected":false},"author":1,"featured_media":0,"parent":0,"menu_order":0,"comment_status":"closed","ping_status":"closed","template":"page-template-city.php","meta":{"_acf_changed":false,"_et_pb_use_builder":"","_et_pb_old_content":"","_et_gb_content_width":"","footnotes":""},"class_list":["post-475","page","type-page","status-publish","hentry"],"acf":[],"_links":{"self":[{"href":"https:\/\/lyxhomes.com\/en\/wp-json\/wp\/v2\/pages\/475","targetHints":{"allow":["GET"]}}],"collection":[{"href":"https:\/\/lyxhomes.com\/en\/wp-json\/wp\/v2\/pages"}],"about":[{"href":"https:\/\/lyxhomes.com\/en\/wp-json\/wp\/v2\/types\/page"}],"author":[{"embeddable":true,"href":"https:\/\/lyxhomes.com\/en\/wp-json\/wp\/v2\/users\/1"}],"replies":[{"embeddable":true,"href":"https:\/\/lyxhomes.com\/en\/wp-json\/wp\/v2\/comments?post=475"}],"version-history":[{"count":7,"href":"https:\/\/lyxhomes.com\/en\/wp-json\/wp\/v2\/pages\/475\/revisions"}],"predecessor-version":[{"id":869,"href":"https:\/\/lyxhomes.com\/en\/wp-json\/wp\/v2\/pages\/475\/revisions\/869"}],"wp:attachment":[{"href":"https:\/\/lyxhomes.com\/en\/wp-json\/wp\/v2\/media?parent=475"}],"curies":[{"name":"wp","href":"https:\/\/api.w.org\/{rel}","templated":true}]}}