{"id":470,"date":"2025-03-18T18:25:19","date_gmt":"2025-03-18T18:25:19","guid":{"rendered":"https:\/\/devel.lyxhomes.com\/?page_id=470"},"modified":"2025-04-19T09:22:59","modified_gmt":"2025-04-19T09:22:59","slug":"la-cala-de-mijas","status":"publish","type":"page","link":"https:\/\/lyxhomes.com\/en\/la-cala-de-mijas\/","title":{"rendered":"La Cala de Mijas"},"content":{"rendered":"<h2>La Cala de Mijas: Un rinc\u00f3n para bajar las revoluciones<\/h2>\n<p>No hace falta irse lejos para encontrar un lugar donde el tiempo parece ir m\u00e1s lento. La Cala de Mijas es ese refugio perfecto para los que buscan calma sin renunciar al confort. Peque\u00f1a, acogedora y con una playa que invita a caminar sin mirar el reloj. A unos minutos, ten\u00e9s algunos de los mejores campos de golf de la zona, pero tambi\u00e9n bares de tapas donde todav\u00eda te sirven una buena raci\u00f3n con cada cerveza. En nuestras viviendas vas a encontrar la combinaci\u00f3n ideal entre lujo y tranquilidad, en un entorno que invita a quedarte un rato m\u00e1s.<\/p>","protected":false},"excerpt":{"rendered":"<p>La Cala de Mijas: Un rinc\u00f3n para bajar las revoluciones No hace falta irse lejos para encontrar un lugar donde el tiempo parece ir m\u00e1s lento. La Cala de Mijas es ese refugio perfecto para los que buscan calma sin renunciar al confort. Peque\u00f1a, acogedora y con una playa que invita a caminar sin mirar [&hellip;]<\/p>\n","protected":false},"author":1,"featured_media":0,"parent":0,"menu_order":0,"comment_status":"closed","ping_status":"closed","template":"page-template-city.php","meta":{"_acf_changed":false,"_et_pb_use_builder":"","_et_pb_old_content":"","_et_gb_content_width":"","footnotes":""},"class_list":["post-470","page","type-page","status-publish","hentry"],"acf":[],"_links":{"self":[{"href":"https:\/\/lyxhomes.com\/en\/wp-json\/wp\/v2\/pages\/470","targetHints":{"allow":["GET"]}}],"collection":[{"href":"https:\/\/lyxhomes.com\/en\/wp-json\/wp\/v2\/pages"}],"about":[{"href":"https:\/\/lyxhomes.com\/en\/wp-json\/wp\/v2\/types\/page"}],"author":[{"embeddable":true,"href":"https:\/\/lyxhomes.com\/en\/wp-json\/wp\/v2\/users\/1"}],"replies":[{"embeddable":true,"href":"https:\/\/lyxhomes.com\/en\/wp-json\/wp\/v2\/comments?post=470"}],"version-history":[{"count":5,"href":"https:\/\/lyxhomes.com\/en\/wp-json\/wp\/v2\/pages\/470\/revisions"}],"predecessor-version":[{"id":870,"href":"https:\/\/lyxhomes.com\/en\/wp-json\/wp\/v2\/pages\/470\/revisions\/870"}],"wp:attachment":[{"href":"https:\/\/lyxhomes.com\/en\/wp-json\/wp\/v2\/media?parent=470"}],"curies":[{"name":"wp","href":"https:\/\/api.w.org\/{rel}","templated":true}]}}