{"id":247,"date":"2025-03-17T10:45:36","date_gmt":"2025-03-17T10:45:36","guid":{"rendered":"https:\/\/devel.lyxhomes.com\/?page_id=247"},"modified":"2025-04-22T12:27:22","modified_gmt":"2025-04-22T12:27:22","slug":"cookies-policy","status":"publish","type":"page","link":"https:\/\/lyxhomes.com\/en\/cookies-policy\/","title":{"rendered":"Cookies Policy"},"content":{"rendered":"<p>Lyxhomes.com, por cuenta propia o a trav\u00e9s de un tercero contratado para prestar servicios de medici\u00f3n y an\u00e1lisis, utiliza cookies cuando el usuario visita el sitio web\u00a0<strong><a href=\"http:\/\/www.lyxhomes.com\/\" target=\"_blank\" rel=\"noopener noreferrer\">www.lyxhomes.com<\/a><\/strong>\u00a0y sus subdominios (en adelante, \u00abel Sitio Web\u00bb).<\/p>\n<p>Una cookie es un archivo que se descarga en el dispositivo del usuario al acceder a determinadas p\u00e1ginas web, permitiendo, entre otras cosas, almacenar y recuperar informaci\u00f3n sobre los h\u00e1bitos de navegaci\u00f3n del usuario o de su equipo y, seg\u00fan la informaci\u00f3n que contengan y la forma en que utilice el dispositivo, pueden reconocer al usuario.<\/p>\n<p>A continuaci\u00f3n, se describen los tipos de cookies utilizadas en este Sitio Web y sus finalidades:<\/p>\n<h2><strong>Cookies de an\u00e1lisis persistentes (Google Analytics)<\/strong>:<\/h2>\n<p>Estas cookies permiten a Lyxhomes.com y a terceros (Google Inc.) cuantificar el n\u00famero de visitantes, medir el tr\u00e1fico y realizar an\u00e1lisis estad\u00edsticos sobre el uso de nuestros servicios. As\u00ed, se analiza la navegaci\u00f3n en el Sitio Web para mejorar la experiencia del usuario y los servicios ofrecidos. Los datos obtenidos permanecen almacenados en el dispositivo del usuario y pueden ser tratados cada vez que acceda al Sitio Web, hasta que las cookies expiren o sean eliminadas manualmente.<\/p>\n<h2><strong>Cookies de sesi\u00f3n o de identificaci\u00f3n de usuario<\/strong>:<\/h2>\n<p>Estas cookies son gestionadas exclusivamente por Lyxhomes.com para garantizar la comunicaci\u00f3n entre el dispositivo del usuario y nuestra red, y se utilizan \u00fanicamente para prestar el servicio solicitado expresamente por el usuario.<\/p>\n<p>La configuraci\u00f3n predeterminada de Google Analytics es establecida por\u00a0<strong>Google Inc.<\/strong>, por lo que recomendamos consultar su p\u00e1gina de privacidad (<a href=\"https:\/\/developers.google.com\/analytics\/devguides\/collection\/analyticsjs\/cookie-usage\" target=\"_blank\" rel=\"noopener noreferrer\">enlace a Google Analytics<\/a>) para obtener m\u00e1s informaci\u00f3n sobre las cookies utilizadas y c\u00f3mo deshabilitarlas.<\/p>\n<p><strong>Al continuar navegando en este Sitio Web, el usuario acepta la instalaci\u00f3n y uso de las cookies mencionadas.<\/strong>\u00a0Se entender\u00e1 que el usuario \u00abcontin\u00faa navegando\u00bb al realizar cualquiera de las siguientes acciones: hacer clic en cualquier bot\u00f3n, casilla o enlace del Sitio Web, desplazarse m\u00e1s de 200 p\u00edxeles o descargar contenido ofrecido en el mismo.<\/p>\n<p>El usuario puede\u00a0<strong>bloquear o eliminar<\/strong> las cookies instaladas en su dispositivo mediante la configuraci\u00f3n del navegador web. A continuaci\u00f3n, encontrar\u00e1 enlaces con instrucciones para los principales navegadores.<\/p>\n<h2><strong>C\u00f3mo gestionar las cookies:<\/strong><\/h2>\n<p>Puedes configurar o desactivarlas en cualquier momento desde tu navegador:<\/p>\n<ul>\n<li><strong>Firefox<\/strong>:\u00a0<a href=\"https:\/\/support.mozilla.org\/es\/kb\/habilitar-y-deshabilitar-cookies-sitios-web-rastreo\" target=\"_blank\" rel=\"noopener noreferrer\">Configurar cookies<\/a><\/li>\n<li><strong>Chrome<\/strong>:\u00a0<a href=\"https:\/\/support.google.com\/accounts\/answer\/61416?hl=es\" target=\"_blank\" rel=\"noopener noreferrer\">Gesti\u00f3n de cookies<\/a><\/li>\n<li><strong>Edge<\/strong>:\u00a0<a href=\"https:\/\/support.microsoft.com\/es-es\/help\/4027947\/microsoft-edge-delete-cookies\" target=\"_blank\" rel=\"noopener noreferrer\">Eliminar cookies<\/a><\/li>\n<li><strong>Safari<\/strong>:\u00a0<a href=\"https:\/\/support.apple.com\/es-es\/guide\/safari\/sfri11471\/mac\" target=\"_blank\" rel=\"noopener noreferrer\">Administrar cookies<\/a><\/li>\n<li><strong>Opera<\/strong>:\u00a0<a href=\"http:\/\/help.opera.com\/Windows\/12.00\/es-ES\/cookies.html\" target=\"_blank\" rel=\"noopener noreferrer\">Privacidad y cookies<\/a><\/li>\n<\/ul>\n<p>Para m\u00e1s detalles, consulta la ayuda oficial de tu navegador.<\/p>","protected":false},"excerpt":{"rendered":"<p>Lyxhomes.com, por cuenta propia o a trav\u00e9s de un tercero contratado para prestar servicios de medici\u00f3n y an\u00e1lisis, utiliza cookies cuando el usuario visita el sitio web\u00a0www.lyxhomes.com\u00a0y sus subdominios (en adelante, \u00abel Sitio Web\u00bb). Una cookie es un archivo que se descarga en el dispositivo del usuario al acceder a determinadas p\u00e1ginas web, permitiendo, entre [&hellip;]<\/p>\n","protected":false},"author":1,"featured_media":0,"parent":0,"menu_order":0,"comment_status":"closed","ping_status":"closed","template":"","meta":{"_acf_changed":false,"_et_pb_use_builder":"","_et_pb_old_content":"","_et_gb_content_width":"","footnotes":""},"class_list":["post-247","page","type-page","status-publish","hentry"],"acf":[],"_links":{"self":[{"href":"https:\/\/lyxhomes.com\/en\/wp-json\/wp\/v2\/pages\/247","targetHints":{"allow":["GET"]}}],"collection":[{"href":"https:\/\/lyxhomes.com\/en\/wp-json\/wp\/v2\/pages"}],"about":[{"href":"https:\/\/lyxhomes.com\/en\/wp-json\/wp\/v2\/types\/page"}],"author":[{"embeddable":true,"href":"https:\/\/lyxhomes.com\/en\/wp-json\/wp\/v2\/users\/1"}],"replies":[{"embeddable":true,"href":"https:\/\/lyxhomes.com\/en\/wp-json\/wp\/v2\/comments?post=247"}],"version-history":[{"count":4,"href":"https:\/\/lyxhomes.com\/en\/wp-json\/wp\/v2\/pages\/247\/revisions"}],"predecessor-version":[{"id":1049,"href":"https:\/\/lyxhomes.com\/en\/wp-json\/wp\/v2\/pages\/247\/revisions\/1049"}],"wp:attachment":[{"href":"https:\/\/lyxhomes.com\/en\/wp-json\/wp\/v2\/media?parent=247"}],"curies":[{"name":"wp","href":"https:\/\/api.w.org\/{rel}","templated":true}]}}